{"id":6841,"date":"2020-11-06T10:21:30","date_gmt":"2020-11-06T09:21:30","guid":{"rendered":"https:\/\/30050.net\/snokatting\/"},"modified":"2022-11-02T11:38:01","modified_gmt":"2022-11-02T10:38:01","slug":"snowchain","status":"publish","type":"page","link":"https:\/\/30050.net\/en\/snowchain\/","title":{"rendered":"Snow chains"},"content":{"rendered":"<div id='full_slider_1'  class='avia-fullwidth-slider main_color avia-shadow  av-small-hide av-mini-hide  avia-builder-el-0  el_before_av_slideshow_full  avia-builder-el-first   container_wrap fullsize' style=' '  ><div   data-size='banner_image'  data-lightbox_size='large'  data-animation='slide'  data-conditional_play=''  data-ids='11149'  data-video_counter='0'  data-autoplay='false'  data-bg_slider='false'  data-slide_height=''  data-handle='av_slideshow_full'  data-interval='5'  data-class=' '  data-el_id=''  data-css_id=''  data-scroll_down=''  data-control_layout='av-control-default'  data-custom_markup=''  data-perma_caption=''  data-autoplay_stopper=''  data-image_attachment=''  data-min_height='0px'  data-lazy_loading='disabled'  data-src=''  data-position='top left'  data-repeat='no-repeat'  data-attach='scroll'  data-stretch=''  data-default-height='31.25'  class='avia-slideshow avia-slideshow-1  av-control-default av-default-height-applied avia-slideshow-banner_image av_slideshow_full   avia-slide-slider '  itemprop=\"image\" itemscope=\"itemscope\" itemtype=\"https:\/\/schema.org\/ImageObject\" ><ul class='avia-slideshow-inner ' style='padding-bottom: 31.25%;' ><li  class=' av-single-slide slide-1 ' ><div data-rel='slideshow-1' class='avia-slide-wrap '   ><img decoding=\"async\" class=\"wp-image-11149 avia-img-lazy-loading-not-11149\"  src=\"https:\/\/30050.net\/wp-content\/uploads\/2022\/10\/Snokedjor-online-Snokatting-Johnny-1920x600.jpg\" width=\"1920\" height=\"600\" title='Sn\u00f6kedjor till lastbil, buss, skogsmaskin, husbil' alt='Sn\u00f6kedjor till lastbil, buss, skogsmaskin, husbil'  itemprop=\"thumbnailUrl\"   \/><\/div><\/li><\/ul><\/div><\/div>\n<div id='full_slider_2'  class='avia-fullwidth-slider main_color avia-shadow  av-desktop-hide av-medium-hide  avia-builder-el-1  el_after_av_slideshow_full  el_before_av_section   slider-not-first container_wrap fullsize' style=' '  ><div   data-size='large'  data-lightbox_size='large'  data-animation='slide'  data-conditional_play=''  data-ids='11149'  data-video_counter='0'  data-autoplay='false'  data-bg_slider='false'  data-slide_height=''  data-handle='av_slideshow_full'  data-interval='5'  data-class=' '  data-el_id=''  data-css_id=''  data-scroll_down=''  data-control_layout='av-control-default'  data-custom_markup=''  data-perma_caption=''  data-autoplay_stopper=''  data-image_attachment=''  data-min_height='300px'  data-lazy_loading='disabled'  data-src=''  data-position='top left'  data-repeat='no-repeat'  data-attach='scroll'  data-stretch=''  class='avia-slideshow avia-slideshow-2  av-control-default av-default-height-applied avia-slideshow-large av_slideshow_full   avia-slide-slider '  itemprop=\"image\" itemscope=\"itemscope\" itemtype=\"https:\/\/schema.org\/ImageObject\" ><ul class='avia-slideshow-inner ' style='padding-bottom: 66.601941747573%;' ><li  class=' av-single-slide slide-1 ' ><div data-rel='slideshow-2' class='avia-slide-wrap '   ><img decoding=\"async\" class=\"wp-image-11149 avia-img-lazy-loading-not-11149\"  src=\"https:\/\/30050.net\/wp-content\/uploads\/2022\/10\/Snokedjor-online-Snokatting-Johnny-1030x686.jpg\" width=\"1030\" height=\"686\" title='Sn\u00f6kedjor till lastbil, buss, skogsmaskin, husbil' alt='Sn\u00f6kedjor till lastbil, buss, skogsmaskin, husbil'  itemprop=\"thumbnailUrl\"  style='min-height:300px; min-width:451px; ' srcset=\"https:\/\/30050.net\/wp-content\/uploads\/2022\/10\/Snokedjor-online-Snokatting-Johnny-1030x686.jpg 1030w, https:\/\/30050.net\/wp-content\/uploads\/2022\/10\/Snokedjor-online-Snokatting-Johnny-300x200.jpg 300w, https:\/\/30050.net\/wp-content\/uploads\/2022\/10\/Snokedjor-online-Snokatting-Johnny-768x512.jpg 768w, https:\/\/30050.net\/wp-content\/uploads\/2022\/10\/Snokedjor-online-Snokatting-Johnny-1536x1023.jpg 1536w, https:\/\/30050.net\/wp-content\/uploads\/2022\/10\/Snokedjor-online-Snokatting-Johnny-2048x1364.jpg 2048w, https:\/\/30050.net\/wp-content\/uploads\/2022\/10\/Snokedjor-online-Snokatting-Johnny-192x128.jpg 192w, https:\/\/30050.net\/wp-content\/uploads\/2022\/10\/Snokedjor-online-Snokatting-Johnny-1920x1279.jpg 1920w, https:\/\/30050.net\/wp-content\/uploads\/2022\/10\/Snokedjor-online-Snokatting-Johnny-705x470.jpg 705w, https:\/\/30050.net\/wp-content\/uploads\/2022\/10\/Snokedjor-online-Snokatting-Johnny-600x400.jpg 600w\" sizes=\"(max-width: 1030px) 100vw, 1030px\" \/><\/div><\/li><\/ul><\/div><\/div>\n<div id='av_section_1'  class='avia-section main_color avia-section-default avia-no-border-styling  avia-bg-style-scroll  avia-builder-el-2  el_after_av_slideshow_full  avia-builder-el-last   container_wrap fullsize' style='background-color: #f6f6f6;  '  ><div class='container' ><div class='template-page content  av-content-full alpha units'><div class='post-entry post-entry-type-page post-entry-6841'><div class='entry-content-wrapper clearfix'>\n<div  style='padding-bottom:0px; ' class='av-special-heading av-special-heading-h1  blockquote modern-quote modern-centered  avia-builder-el-3  el_before_av_hr  avia-builder-el-first  '><h1 class='av-special-heading-tag '  itemprop=\"headline\"  > Sn\u00f6k\u00e4tting <span class='special_amp'>\u201d<\/span>Johnny<span class='special_amp'>\u201d<\/span><\/h1><div class='special-heading-border'><div class='special-heading-inner-border' ><\/div><\/div><\/div>\n<div  style='height:20px' class='hr hr-invisible  av-desktop-hide av-medium-hide  avia-builder-el-4  el_after_av_heading  el_before_av_one_third '><span class='hr-inner ' ><span class='hr-inner-style'><\/span><\/span><\/div>\n<div class='flex_column_table av-equal-height-column-flextable -flextable' ><div class=\"flex_column av_one_third  flex_column_table_cell av-equal-height-column av-align-top first  avia-builder-el-5  el_after_av_hr  el_before_av_one_third  \" style='background: #ffffff; padding:30px 30px 5px 30px ; background-color:#ffffff; border-radius:0px; '><p><div  class='avia-image-container  av-styling-no-styling    avia-builder-el-6  el_before_av_heading  avia-builder-el-first  avia-align-center '  itemprop=\"image\" itemscope=\"itemscope\" itemtype=\"https:\/\/schema.org\/ImageObject\"  ><div class='avia-image-container-inner'><div class='avia-image-overlay-wrap'><img decoding=\"async\" class='wp-image-4773 avia-img-lazy-loading-not-4773 avia_image' src=\"https:\/\/30050.net\/wp-content\/uploads\/2020\/11\/snokattingjohnny_05.jpg\" alt='' title='snokattingjohnny_05' height=\"75\" width=\"124\"  itemprop=\"thumbnailUrl\"  \/><\/div><\/div><\/div><br \/>\n<div  style='padding-bottom:0px; margin-top:32px; ' class='av-special-heading av-special-heading-h5 custom-color-heading blockquote modern-quote modern-centered  avia-builder-el-7  el_after_av_image  el_before_av_textblock  '><h5 class='av-special-heading-tag '  itemprop=\"headline\"  >Snow chains<\/h5><div class='special-heading-border'><div class='special-heading-inner-border' ><\/div><\/div><\/div><br \/>\n<section class=\"av_textblock_section \"  itemscope=\"itemscope\" itemtype=\"https:\/\/schema.org\/CreativeWork\" ><div class='avia_textblock  '   itemprop=\"text\" ><p style=\"text-align: center;\"><strong>Hello!<\/strong><br \/>\nThe summer is over again and the winter is coming.<br \/>\nNow is the time to check your snow chains.<br \/>\nWe repair broken chains.<br \/>\nWe look forward to a good co-operation.<br \/>\n<strong>Greetings<\/strong><br \/>\nKville Transport AB<br \/>\nJohnny Eriksson<\/p>\n<\/div><\/section><\/p><\/div><div class='av-flex-placeholder'><\/div><div class=\"flex_column av_one_third  flex_column_table_cell av-equal-height-column av-align-top   avia-builder-el-9  el_after_av_one_third  el_before_av_one_third  \" style='background: #ffffff; padding:30px 30px 5px 30px ; background-color:#ffffff; border-radius:0px; '><p><div  class='avia-image-container  av-styling-no-styling    avia-builder-el-10  el_before_av_heading  avia-builder-el-first  avia-align-center '  itemprop=\"image\" itemscope=\"itemscope\" itemtype=\"https:\/\/schema.org\/ImageObject\"  ><div class='avia-image-container-inner'><div class='avia-image-overlay-wrap'><img decoding=\"async\" class='wp-image-4775 avia-img-lazy-loading-not-4775 avia_image' src=\"https:\/\/30050.net\/wp-content\/uploads\/2020\/11\/snokattingjohnny_06.jpg\" alt='' title='snokattingjohnny_06' height=\"75\" width=\"124\"  itemprop=\"thumbnailUrl\"  \/><\/div><\/div><\/div><br \/>\n<div  style='padding-bottom:0px; margin-top:32px; ' class='av-special-heading av-special-heading-h5 custom-color-heading blockquote modern-quote modern-centered  avia-builder-el-11  el_after_av_image  el_before_av_textblock  '><h5 class='av-special-heading-tag '  itemprop=\"headline\"  >Sneewkettingen<\/h5><div class='special-heading-border'><div class='special-heading-inner-border' ><\/div><\/div><\/div><br \/>\n<section class=\"av_textblock_section \"  itemscope=\"itemscope\" itemtype=\"https:\/\/schema.org\/CreativeWork\" ><div class='avia_textblock  '   itemprop=\"text\" ><p style=\"text-align: center;\"><strong>Hallo!<\/strong><br \/>\nNu is de zomer helaas weer over. De winter is op komst. Nu is het tijd om de sneewkettingen na te kijken. Wij repareren de kapotte kettingen. We kijken op een goede samenwerking uit.<br \/>\n<strong>Vriendelijke groeten<\/strong><br \/>\nKville Transport AB<br \/>\nJohnny Eriksson<\/p>\n<\/div><\/section><\/p><\/div><div class='av-flex-placeholder'><\/div><div class=\"flex_column av_one_third  flex_column_table_cell av-equal-height-column av-align-top   avia-builder-el-13  el_after_av_one_third  el_before_av_one_third  \" style='background: #ffffff; padding:30px 30px 5px 30px ; background-color:#ffffff; border-radius:0px; '><p><div  class='avia-image-container  av-styling-no-styling    avia-builder-el-14  el_before_av_heading  avia-builder-el-first  avia-align-center '  itemprop=\"image\" itemscope=\"itemscope\" itemtype=\"https:\/\/schema.org\/ImageObject\"  ><div class='avia-image-container-inner'><div class='avia-image-overlay-wrap'><img decoding=\"async\" class='wp-image-4777 avia-img-lazy-loading-not-4777 avia_image' src=\"https:\/\/30050.net\/wp-content\/uploads\/2020\/11\/snokattingjohnny_08.jpg\" alt='' title='snokattingjohnny_08' height=\"75\" width=\"124\"  itemprop=\"thumbnailUrl\"  \/><\/div><\/div><\/div><br \/>\n<div  style='padding-bottom:0px; margin-top:32px; ' class='av-special-heading av-special-heading-h5 custom-color-heading blockquote modern-quote modern-centered  avia-builder-el-15  el_after_av_image  el_before_av_textblock  '><h5 class='av-special-heading-tag '  itemprop=\"headline\"  >Lancuchy sniegowe<\/h5><div class='special-heading-border'><div class='special-heading-inner-border' ><\/div><\/div><\/div><br \/>\n<section class=\"av_textblock_section \"  itemscope=\"itemscope\" itemtype=\"https:\/\/schema.org\/CreativeWork\" ><div class='avia_textblock  '   itemprop=\"text\" ><p style=\"text-align: center;\"><strong>Cze\u015b\u0107!<\/strong><br \/>\nLato si\u0119 ju\u017c sko\u0144czy\u0142o,<br \/>\nPowoli zima nadochodzi,<br \/>\nCzas zabespieczy\u0107 \u0142a\u0144cuchy,<br \/>\nMy zajmujemy si\u0119 naprawa zepsutych<br \/>\n\u0142a\u0144cuch\u00f3w.<br \/>\nSpodziewamy si\u0119 pomy\u015blnej<br \/>\nwsp\u00f3\u0142pracy w tym roku.<br \/>\n<strong>Pozdrowienia<\/strong><br \/>\nKville Transport AB<br \/>\nJohnny Eriksson<\/p>\n<\/div><\/section><\/p><\/div><\/div><!--close column table wrapper. Autoclose: 1 --><div class='flex_column_table av-equal-height-column-flextable -flextable' ><div class=\"flex_column av_one_third  flex_column_table_cell av-equal-height-column av-align-top first  avia-builder-el-17  el_after_av_one_third  el_before_av_one_third  column-top-margin\" style='background: #ffffff; padding:30px 30px 5px 30px ; background-color:#ffffff; border-radius:0px; '><p><div  class='avia-image-container  av-styling-no-styling    avia-builder-el-18  el_before_av_heading  avia-builder-el-first  avia-align-center '  itemprop=\"image\" itemscope=\"itemscope\" itemtype=\"https:\/\/schema.org\/ImageObject\"  ><div class='avia-image-container-inner'><div class='avia-image-overlay-wrap'><img decoding=\"async\" class='wp-image-4789 avia-img-lazy-loading-not-4789 avia_image' src=\"https:\/\/30050.net\/wp-content\/uploads\/2020\/11\/snokattingjohnny_15.jpg\" alt='' title='snokattingjohnny_15' height=\"75\" width=\"124\"  itemprop=\"thumbnailUrl\"  \/><\/div><\/div><\/div><br \/>\n<div  style='padding-bottom:0px; margin-top:32px; ' class='av-special-heading av-special-heading-h5 custom-color-heading blockquote modern-quote modern-centered  avia-builder-el-19  el_after_av_image  el_before_av_textblock  '><h5 class='av-special-heading-tag '  itemprop=\"headline\"  >Lancuchy Sniegowe<\/h5><div class='special-heading-border'><div class='special-heading-inner-border' ><\/div><\/div><\/div><br \/>\n<section class=\"av_textblock_section \"  itemscope=\"itemscope\" itemtype=\"https:\/\/schema.org\/CreativeWork\" ><div class='avia_textblock  '   itemprop=\"text\" ><p style=\"text-align: center;\"><strong>Czesc!<\/strong><br \/>\nLato sie juz skonczylo. Powoli zima nadchodzi. Czas zabezpieczyc lancuchy.<br \/>\nMy zajmujemy sie naprawa zepsutych lancuchow.<br \/>\nSpodziewamy sie pomyslnej wspolpracy w tym roku.<br \/>\n<strong>Pozdrowienia<\/strong><br \/>\nKville Transport<br \/>\nJohnny Eriksson<\/p>\n<\/div><\/section><\/p><\/div><div class='av-flex-placeholder'><\/div><div class=\"flex_column av_one_third  flex_column_table_cell av-equal-height-column av-align-top   avia-builder-el-21  el_after_av_one_third  el_before_av_one_third  column-top-margin\" style='background: #ffffff; padding:30px 30px 5px 30px ; background-color:#ffffff; border-radius:0px; '><p><div  class='avia-image-container  av-styling-no-styling    avia-builder-el-22  el_before_av_heading  avia-builder-el-first  avia-align-center '  itemprop=\"image\" itemscope=\"itemscope\" itemtype=\"https:\/\/schema.org\/ImageObject\"  ><div class='avia-image-container-inner'><div class='avia-image-overlay-wrap'><img decoding=\"async\" class='wp-image-4779 avia-img-lazy-loading-not-4779 avia_image' src=\"https:\/\/30050.net\/wp-content\/uploads\/2020\/11\/snokattingjohnny_09.jpg\" alt='' title='snokattingjohnny_09' height=\"75\" width=\"124\"  itemprop=\"thumbnailUrl\"  \/><\/div><\/div><\/div><br \/>\n<div  style='padding-bottom:0px; margin-top:32px; ' class='av-special-heading av-special-heading-h5 custom-color-heading blockquote modern-quote modern-centered  avia-builder-el-23  el_after_av_image  el_before_av_textblock  '><h5 class='av-special-heading-tag '  itemprop=\"headline\"  >Sn\u00f6k\u00e4tting<\/h5><div class='special-heading-border'><div class='special-heading-inner-border' ><\/div><\/div><\/div><br \/>\n<section class=\"av_textblock_section \"  itemscope=\"itemscope\" itemtype=\"https:\/\/schema.org\/CreativeWork\" ><div class='avia_textblock  '   itemprop=\"text\" ><p style=\"text-align: center;\"><strong>Hej!<\/strong><br \/>\nSommaren \u00e4r \u00f6ver och vintern \u00e4r i ant\u00e5gande. Nu \u00e4r det l\u00e4ge att kolla \u00f6ver dina sn\u00f6kedjor.<br \/>\nVi reparerar trasiga kedjor.<br \/>\nVi ser fram emot ett bra samarbete.<br \/>\n<strong>H\u00e4lsningar<\/strong><br \/>\nKville Transport AB<br \/>\nJohnny Eriksson<\/p>\n<\/div><\/section><\/p><\/div><div class='av-flex-placeholder'><\/div><div class=\"flex_column av_one_third  flex_column_table_cell av-equal-height-column av-align-top   avia-builder-el-25  el_after_av_one_third  avia-builder-el-last  column-top-margin\" style='background: #ffffff; padding:30px 30px 5px 30px ; background-color:#ffffff; border-radius:0px; '><p><div  class='avia-image-container  av-styling-no-styling    avia-builder-el-26  el_before_av_heading  avia-builder-el-first  avia-align-center '  itemprop=\"image\" itemscope=\"itemscope\" itemtype=\"https:\/\/schema.org\/ImageObject\"  ><div class='avia-image-container-inner'><div class='avia-image-overlay-wrap'><img decoding=\"async\" class='wp-image-4781 avia-img-lazy-loading-not-4781 avia_image' src=\"https:\/\/30050.net\/wp-content\/uploads\/2020\/11\/snokattingjohnny_11.jpg\" alt='' title='snokattingjohnny_11' height=\"75\" width=\"124\"  itemprop=\"thumbnailUrl\"  \/><\/div><\/div><\/div><br \/>\n<div  style='padding-bottom:0px; margin-top:32px; ' class='av-special-heading av-special-heading-h5 custom-color-heading blockquote modern-quote modern-centered  avia-builder-el-27  el_after_av_image  el_before_av_textblock  '><h5 class='av-special-heading-tag '  itemprop=\"headline\"  >Schnee-kette<\/h5><div class='special-heading-border'><div class='special-heading-inner-border' ><\/div><\/div><\/div><br \/>\n<section class=\"av_textblock_section \"  itemscope=\"itemscope\" itemtype=\"https:\/\/schema.org\/CreativeWork\" ><div class='avia_textblock  '   itemprop=\"text\" ><p style=\"text-align: center;\"><strong>Hallo!<\/strong><br \/>\nDer Sommer ist vorbei wieder und der Winter kommt. Jetzt ist die Zeit, um Ihre Schneeketten zu \u00fcberpr\u00fcfen.<br \/>\nWir reparieren gebrochenen Ketten.<br \/>\nWir freuen uns auf eine gute Zusammenarbeit.<br \/>\n<strong>Gr\u00fc\u00dfe<\/strong><br \/>\nKville Transport<br \/>\nJohnny Eriksson<\/p>\n<\/div><\/section><\/p><\/div><\/div><!--close column table wrapper. Autoclose: 1 -->\n\n","protected":false},"excerpt":{"rendered":"","protected":false},"author":2,"featured_media":11153,"parent":0,"menu_order":0,"comment_status":"closed","ping_status":"closed","template":"","meta":{"footnotes":""},"acf":[],"yoast_head":"<!-- This site is optimized with the Yoast SEO plugin v21.3 - https:\/\/yoast.com\/wordpress\/plugins\/seo\/ -->\n<title>Snow chains - Sn\u00f6k\u00e4tting Johnny AB<\/title>\n<meta name=\"robots\" content=\"index, follow, max-snippet:-1, max-image-preview:large, max-video-preview:-1\" \/>\n<link rel=\"canonical\" href=\"https:\/\/30050.net\/en\/snowchain\/\" \/>\n<meta property=\"og:locale\" content=\"en_US\" \/>\n<meta property=\"og:type\" content=\"article\" \/>\n<meta property=\"og:title\" content=\"Snow chains - Sn\u00f6k\u00e4tting Johnny AB\" \/>\n<meta property=\"og:url\" content=\"https:\/\/30050.net\/en\/snowchain\/\" \/>\n<meta property=\"og:site_name\" content=\"Sn\u00f6k\u00e4tting Johnny AB\" \/>\n<meta property=\"article:modified_time\" content=\"2022-11-02T10:38:01+00:00\" \/>\n<meta property=\"og:image\" content=\"https:\/\/30050.net\/wp-content\/uploads\/2022\/10\/Kop-snokedjor-till-lastbilen-1030x529.jpg\" \/>\n\t<meta property=\"og:image:width\" content=\"1030\" \/>\n\t<meta property=\"og:image:height\" content=\"529\" \/>\n\t<meta property=\"og:image:type\" content=\"image\/jpeg\" \/>\n<meta name=\"twitter:card\" content=\"summary_large_image\" \/>\n<meta name=\"twitter:label1\" content=\"Est. reading time\" \/>\n\t<meta name=\"twitter:data1\" content=\"13 minutes\" \/>\n<script type=\"application\/ld+json\" class=\"yoast-schema-graph\">{\"@context\":\"https:\/\/schema.org\",\"@graph\":[{\"@type\":\"WebPage\",\"@id\":\"https:\/\/30050.net\/en\/snowchain\/\",\"url\":\"https:\/\/30050.net\/en\/snowchain\/\",\"name\":\"Snow chains - Sn\u00f6k\u00e4tting Johnny AB\",\"isPartOf\":{\"@id\":\"https:\/\/30050.net\/#website\"},\"datePublished\":\"2020-11-06T09:21:30+00:00\",\"dateModified\":\"2022-11-02T10:38:01+00:00\",\"breadcrumb\":{\"@id\":\"https:\/\/30050.net\/en\/snowchain\/#breadcrumb\"},\"inLanguage\":\"en-US\",\"potentialAction\":[{\"@type\":\"ReadAction\",\"target\":[\"https:\/\/30050.net\/en\/snowchain\/\"]}]},{\"@type\":\"BreadcrumbList\",\"@id\":\"https:\/\/30050.net\/en\/snowchain\/#breadcrumb\",\"itemListElement\":[{\"@type\":\"ListItem\",\"position\":1,\"name\":\"Hem\",\"item\":\"https:\/\/30050.net\/en\/home\/\"},{\"@type\":\"ListItem\",\"position\":2,\"name\":\"Snow chains\"}]},{\"@type\":\"WebSite\",\"@id\":\"https:\/\/30050.net\/#website\",\"url\":\"https:\/\/30050.net\/\",\"name\":\"Kville Transport AB\",\"description\":\"Sn\u00f6kedjor och slirskydd till lastbilar, skogsmaskiner\",\"publisher\":{\"@id\":\"https:\/\/30050.net\/#organization\"},\"potentialAction\":[{\"@type\":\"SearchAction\",\"target\":{\"@type\":\"EntryPoint\",\"urlTemplate\":\"https:\/\/30050.net\/?s={search_term_string}\"},\"query-input\":\"required name=search_term_string\"}],\"inLanguage\":\"en-US\"},{\"@type\":\"Organization\",\"@id\":\"https:\/\/30050.net\/#organization\",\"name\":\"Kville Transport AB\",\"url\":\"https:\/\/30050.net\/\",\"logo\":{\"@type\":\"ImageObject\",\"inLanguage\":\"en-US\",\"@id\":\"https:\/\/30050.net\/#\/schema\/logo\/image\/\",\"url\":\"https:\/\/30050.net\/wp-content\/uploads\/2020\/11\/snokattingjohnny_logo.png\",\"contentUrl\":\"https:\/\/30050.net\/wp-content\/uploads\/2020\/11\/snokattingjohnny_logo.png\",\"width\":211,\"height\":99,\"caption\":\"Kville Transport AB\"},\"image\":{\"@id\":\"https:\/\/30050.net\/#\/schema\/logo\/image\/\"}}]}<\/script>\n<!-- \/ Yoast SEO plugin. -->","yoast_head_json":{"title":"Snow chains - Sn\u00f6k\u00e4tting Johnny AB","robots":{"index":"index","follow":"follow","max-snippet":"max-snippet:-1","max-image-preview":"max-image-preview:large","max-video-preview":"max-video-preview:-1"},"canonical":"https:\/\/30050.net\/en\/snowchain\/","og_locale":"en_US","og_type":"article","og_title":"Snow chains - Sn\u00f6k\u00e4tting Johnny AB","og_url":"https:\/\/30050.net\/en\/snowchain\/","og_site_name":"Sn\u00f6k\u00e4tting Johnny AB","article_modified_time":"2022-11-02T10:38:01+00:00","og_image":[{"width":1030,"height":529,"url":"https:\/\/30050.net\/wp-content\/uploads\/2022\/10\/Kop-snokedjor-till-lastbilen-1030x529.jpg","type":"image\/jpeg"}],"twitter_card":"summary_large_image","twitter_misc":{"Est. reading time":"13 minutes"},"schema":{"@context":"https:\/\/schema.org","@graph":[{"@type":"WebPage","@id":"https:\/\/30050.net\/en\/snowchain\/","url":"https:\/\/30050.net\/en\/snowchain\/","name":"Snow chains - Sn\u00f6k\u00e4tting Johnny AB","isPartOf":{"@id":"https:\/\/30050.net\/#website"},"datePublished":"2020-11-06T09:21:30+00:00","dateModified":"2022-11-02T10:38:01+00:00","breadcrumb":{"@id":"https:\/\/30050.net\/en\/snowchain\/#breadcrumb"},"inLanguage":"en-US","potentialAction":[{"@type":"ReadAction","target":["https:\/\/30050.net\/en\/snowchain\/"]}]},{"@type":"BreadcrumbList","@id":"https:\/\/30050.net\/en\/snowchain\/#breadcrumb","itemListElement":[{"@type":"ListItem","position":1,"name":"Hem","item":"https:\/\/30050.net\/en\/home\/"},{"@type":"ListItem","position":2,"name":"Snow chains"}]},{"@type":"WebSite","@id":"https:\/\/30050.net\/#website","url":"https:\/\/30050.net\/","name":"Kville Transport AB","description":"Sn\u00f6kedjor och slirskydd till lastbilar, skogsmaskiner","publisher":{"@id":"https:\/\/30050.net\/#organization"},"potentialAction":[{"@type":"SearchAction","target":{"@type":"EntryPoint","urlTemplate":"https:\/\/30050.net\/?s={search_term_string}"},"query-input":"required name=search_term_string"}],"inLanguage":"en-US"},{"@type":"Organization","@id":"https:\/\/30050.net\/#organization","name":"Kville Transport AB","url":"https:\/\/30050.net\/","logo":{"@type":"ImageObject","inLanguage":"en-US","@id":"https:\/\/30050.net\/#\/schema\/logo\/image\/","url":"https:\/\/30050.net\/wp-content\/uploads\/2020\/11\/snokattingjohnny_logo.png","contentUrl":"https:\/\/30050.net\/wp-content\/uploads\/2020\/11\/snokattingjohnny_logo.png","width":211,"height":99,"caption":"Kville Transport AB"},"image":{"@id":"https:\/\/30050.net\/#\/schema\/logo\/image\/"}}]}},"_links":{"self":[{"href":"https:\/\/30050.net\/en\/wp-json\/wp\/v2\/pages\/6841"}],"collection":[{"href":"https:\/\/30050.net\/en\/wp-json\/wp\/v2\/pages"}],"about":[{"href":"https:\/\/30050.net\/en\/wp-json\/wp\/v2\/types\/page"}],"author":[{"embeddable":true,"href":"https:\/\/30050.net\/en\/wp-json\/wp\/v2\/users\/2"}],"replies":[{"embeddable":true,"href":"https:\/\/30050.net\/en\/wp-json\/wp\/v2\/comments?post=6841"}],"version-history":[{"count":3,"href":"https:\/\/30050.net\/en\/wp-json\/wp\/v2\/pages\/6841\/revisions"}],"predecessor-version":[{"id":11352,"href":"https:\/\/30050.net\/en\/wp-json\/wp\/v2\/pages\/6841\/revisions\/11352"}],"wp:featuredmedia":[{"embeddable":true,"href":"https:\/\/30050.net\/en\/wp-json\/wp\/v2\/media\/11153"}],"wp:attachment":[{"href":"https:\/\/30050.net\/en\/wp-json\/wp\/v2\/media?parent=6841"}],"curies":[{"name":"wp","href":"https:\/\/api.w.org\/{rel}","templated":true}]}}