{"id":6831,"date":"2020-11-06T10:22:16","date_gmt":"2020-11-06T09:22:16","guid":{"rendered":"https:\/\/30050.net\/betalning\/"},"modified":"2024-01-31T11:34:06","modified_gmt":"2024-01-31T10:34:06","slug":"payment","status":"publish","type":"page","link":"https:\/\/30050.net\/en\/payment\/","title":{"rendered":"Payment"},"content":{"rendered":"<div id='full_slider_1'  class='avia-fullwidth-slider main_color avia-shadow  av-small-hide av-mini-hide  avia-builder-el-0  el_before_av_slideshow_full  avia-builder-el-first   container_wrap fullsize' style=' '  ><div   data-size='banner_image'  data-lightbox_size='large'  data-animation='slide'  data-conditional_play=''  data-ids='11153'  data-video_counter='0'  data-autoplay='false'  data-bg_slider='false'  data-slide_height=''  data-handle='av_slideshow_full'  data-interval='5'  data-class=' '  data-el_id=''  data-css_id=''  data-scroll_down=''  data-control_layout='av-control-default'  data-custom_markup=''  data-perma_caption=''  data-autoplay_stopper=''  data-image_attachment=''  data-min_height='0px'  data-lazy_loading='disabled'  data-src=''  data-position='top left'  data-repeat='no-repeat'  data-attach='scroll'  data-stretch=''  data-default-height='31.25'  class='avia-slideshow avia-slideshow-1  av-control-default av-default-height-applied avia-slideshow-banner_image av_slideshow_full   avia-slide-slider '  itemprop=\"image\" itemscope=\"itemscope\" itemtype=\"https:\/\/schema.org\/ImageObject\" ><ul class='avia-slideshow-inner ' style='padding-bottom: 31.25%;' ><li  class=' av-single-slide slide-1 ' ><div data-rel='slideshow-1' class='avia-slide-wrap '   ><img decoding=\"async\" class=\"wp-image-11153 avia-img-lazy-loading-not-11153\"  src=\"https:\/\/30050.net\/wp-content\/uploads\/2022\/10\/Kop-snokedjor-till-lastbilen-1920x600.jpg\" width=\"1920\" height=\"600\" title='Lastbil med sn\u00f6kedjor' alt='Sn\u00f6k\u00e4tting till lastbilar och trailers'  itemprop=\"thumbnailUrl\"   \/><\/div><\/li><\/ul><\/div><\/div>\n<div id='full_slider_2'  class='avia-fullwidth-slider main_color avia-shadow  av-desktop-hide av-medium-hide  avia-builder-el-1  el_after_av_slideshow_full  el_before_av_section   slider-not-first container_wrap fullsize' style=' '  ><div   data-size='large'  data-lightbox_size='large'  data-animation='slide'  data-conditional_play=''  data-ids='11153'  data-video_counter='0'  data-autoplay='false'  data-bg_slider='false'  data-slide_height=''  data-handle='av_slideshow_full'  data-interval='5'  data-class=' '  data-el_id=''  data-css_id=''  data-scroll_down=''  data-control_layout='av-control-default'  data-custom_markup=''  data-perma_caption=''  data-autoplay_stopper=''  data-image_attachment=''  data-min_height='300px'  data-lazy_loading='disabled'  data-src=''  data-position='top left'  data-repeat='no-repeat'  data-attach='scroll'  data-stretch=''  class='avia-slideshow avia-slideshow-2  av-control-default av-default-height-applied avia-slideshow-large av_slideshow_full   avia-slide-slider '  itemprop=\"image\" itemscope=\"itemscope\" itemtype=\"https:\/\/schema.org\/ImageObject\" ><ul class='avia-slideshow-inner ' style='padding-bottom: 51.359223300971%;' ><li  class=' av-single-slide slide-1 ' ><div data-rel='slideshow-2' class='avia-slide-wrap '   ><img decoding=\"async\" class=\"wp-image-11153 avia-img-lazy-loading-not-11153\"  src=\"https:\/\/30050.net\/wp-content\/uploads\/2022\/10\/Kop-snokedjor-till-lastbilen-1030x529.jpg\" width=\"1030\" height=\"529\" title='Lastbil med sn\u00f6kedjor' alt='Sn\u00f6k\u00e4tting till lastbilar och trailers'  itemprop=\"thumbnailUrl\"  style='min-height:300px; min-width:585px; ' srcset=\"https:\/\/30050.net\/wp-content\/uploads\/2022\/10\/Kop-snokedjor-till-lastbilen-1030x529.jpg 1030w, https:\/\/30050.net\/wp-content\/uploads\/2022\/10\/Kop-snokedjor-till-lastbilen-300x154.jpg 300w, https:\/\/30050.net\/wp-content\/uploads\/2022\/10\/Kop-snokedjor-till-lastbilen-768x394.jpg 768w, https:\/\/30050.net\/wp-content\/uploads\/2022\/10\/Kop-snokedjor-till-lastbilen-1536x788.jpg 1536w, https:\/\/30050.net\/wp-content\/uploads\/2022\/10\/Kop-snokedjor-till-lastbilen-2048x1051.jpg 2048w, https:\/\/30050.net\/wp-content\/uploads\/2022\/10\/Kop-snokedjor-till-lastbilen-192x99.jpg 192w, https:\/\/30050.net\/wp-content\/uploads\/2022\/10\/Kop-snokedjor-till-lastbilen-1920x985.jpg 1920w, https:\/\/30050.net\/wp-content\/uploads\/2022\/10\/Kop-snokedjor-till-lastbilen-705x362.jpg 705w, https:\/\/30050.net\/wp-content\/uploads\/2022\/10\/Kop-snokedjor-till-lastbilen-600x308.jpg 600w\" sizes=\"(max-width: 1030px) 100vw, 1030px\" \/><\/div><\/li><\/ul><\/div><\/div>\n<div id='av_section_1'  class='avia-section main_color avia-section-small avia-no-border-styling  avia-bg-style-scroll  avia-builder-el-2  el_after_av_slideshow_full  el_before_av_section   container_wrap fullsize' style=' '  ><div class='container' ><div class='template-page content  av-content-full alpha units'><div class='post-entry post-entry-type-page post-entry-6831'><div class='entry-content-wrapper clearfix'>\n<div  style='height:30px' class='hr hr-invisible  av-small-hide av-mini-hide  avia-builder-el-3  el_before_av_heading  avia-builder-el-first '><span class='hr-inner ' ><span class='hr-inner-style'><\/span><\/span><\/div>\n<div  style='padding-bottom:0px; margin-top:0px; ' class='av-special-heading av-special-heading-h1  blockquote modern-quote modern-centered  avia-builder-el-4  el_after_av_hr  el_before_av_hr  '><h1 class='av-special-heading-tag '  itemprop=\"headline\"  >Payment<\/h1><div class='special-heading-border'><div class='special-heading-inner-border' ><\/div><\/div><\/div>\n<div  style='height:30px' class='hr hr-invisible  av-small-hide av-mini-hide  avia-builder-el-5  el_after_av_heading  avia-builder-el-last '><span class='hr-inner ' ><span class='hr-inner-style'><\/span><\/span><\/div>\n\n<\/div><\/div><\/div><!-- close content main div --><\/div><\/div><div id='av_section_2'  class='avia-section main_color avia-section-default avia-no-border-styling  avia-bg-style-scroll  avia-builder-el-6  el_after_av_section  avia-builder-el-last  payment_section  container_wrap fullsize' style='background-color: #202020; background-repeat: no-repeat; background-image: url(https:\/\/30050.net\/wp-content\/uploads\/2020\/11\/snokattingjohnny_18.png);background-attachment: scroll; background-position: top left;  '  data-section-bg-repeat='no-repeat'><div class='container' ><div class='template-page content  av-content-full alpha units'><div class='post-entry post-entry-type-page post-entry-6831'><div class='entry-content-wrapper clearfix'>\n<div class=\"flex_column av_one_fifth  av-hide-on-mobile  av-break-at-tablet flex_column_div av-zero-column-padding first  avia-builder-el-7  el_before_av_three_fifth  avia-builder-el-first  \" style='border-radius:0px; '><\/div><div class=\"flex_column av_three_fifth  av-break-at-tablet flex_column_div av-zero-column-padding   avia-builder-el-8  el_after_av_one_fifth  el_before_av_one_fifth  \" style='border-radius:0px; '><p><div  style='padding-bottom:10px; margin-top:20px; color:#ffffff;' class='av-special-heading av-special-heading-h6 custom-color-heading blockquote modern-quote  avia-builder-el-9  el_before_av_buttonrow  avia-builder-el-first  '><h6 class='av-special-heading-tag '  itemprop=\"headline\"  >Prices<\/h6><div class='special-heading-border'><div class='special-heading-inner-border' style='border-color:#ffffff'><\/div><\/div><\/div><br \/>\n<div  class='avia-buttonrow-wrap avia-buttonrow-left   avia-builder-el-10  el_after_av_heading  el_before_av_heading '>\n<a href='https:\/\/30050.net\/wp-content\/uploads\/2024\/01\/Snokedjor-2024-2025-eng.pdf' class='avia-button  avia-color-theme-color  avia-icon_select-no avia-size-small ' target=\"_blank\" style='margin-bottom:3px; margin-right:3px; ' rel=\"noopener\"><span class='avia_iconbox_title' >UK<\/span><\/a>\n<a href='https:\/\/30050.net\/wp-content\/uploads\/2024\/01\/Snokedjor-2024-2025-holland.pdf' class='avia-button  avia-color-theme-color  avia-icon_select-no avia-size-small ' target=\"_blank\" style='margin-bottom:3px; margin-right:3px; ' rel=\"noopener\"><span class='avia_iconbox_title' >Nederland<\/span><\/a>\n<a href='https:\/\/30050.net\/wp-content\/uploads\/2024\/01\/Snokedjor-2024-2025-tjeckisk.pdf' class='avia-button  avia-color-theme-color  avia-icon_select-no avia-size-small ' target=\"_blank\" style='margin-bottom:3px; margin-right:3px; ' rel=\"noopener\"><span class='avia_iconbox_title' >Cesko<\/span><\/a>\n<a href='https:\/\/30050.net\/wp-content\/uploads\/2024\/01\/Snokedjor-2024-2025-polsk.pdf' class='avia-button  avia-color-theme-color  avia-icon_select-no avia-size-small ' target=\"_blank\" style='margin-bottom:3px; margin-right:3px; ' rel=\"noopener\"><span class='avia_iconbox_title' >Jezyk Polski<\/span><\/a>\n<a href='https:\/\/30050.net\/wp-content\/uploads\/2024\/01\/Snokedjor-2024-2025-tysk.pdf' class='avia-button  avia-color-theme-color  avia-icon_select-no avia-size-small ' target=\"_blank\" style='margin-bottom:3px; margin-right:3px; ' rel=\"noopener\"><span class='avia_iconbox_title' >Deutsche<\/span><\/a>\n<a href='https:\/\/30050.net\/wp-content\/uploads\/2024\/01\/Snokedjor-2024-2025-Swe.pdf' class='avia-button  avia-color-theme-color  avia-icon_select-no avia-size-small ' target=\"_blank\" style='margin-bottom:3px; margin-right:3px; ' rel=\"noopener\"><span class='avia_iconbox_title' >Svenska<\/span><\/a>\n<a href='https:\/\/30050.net\/wp-content\/uploads\/2024\/01\/Snokedjor-2024-2025-turk.pdf' class='avia-button  avia-color-theme-color  avia-icon_select-no avia-size-small ' target=\"_blank\" style='margin-bottom:3px; margin-right:3px; ' rel=\"noopener\"><span class='avia_iconbox_title' >T\u00fcrkiye<\/span><\/a>\n<a href='https:\/\/30050.net\/wp-content\/uploads\/2024\/01\/Snokedjor-2024-2025-ryss.pdf' class='avia-button  avia-color-theme-color  avia-icon_select-no avia-size-small ' target=\"_blank\" style='margin-bottom:3px; margin-right:3px; ' rel=\"noopener\"><span class='avia_iconbox_title' >Russkiy<\/span><\/a>\n<\/div><br \/>\n<div  style='padding-bottom:0px; margin-top:35px; color:#ffffff;' class='av-special-heading av-special-heading-h6 custom-color-heading blockquote modern-quote  avia-builder-el-11  el_after_av_buttonrow  el_before_av_textblock  '><h6 class='av-special-heading-tag '  itemprop=\"headline\"  >Before order<\/h6><div class='special-heading-border'><div class='special-heading-inner-border' style='border-color:#ffffff'><\/div><\/div><\/div><br \/>\n<section class=\"av_textblock_section \"  itemscope=\"itemscope\" itemtype=\"https:\/\/schema.org\/CreativeWork\" ><div class='avia_textblock  av_inherit_color '  style='color:#ffffff; '  itemprop=\"text\" ><p>All snow chains are sold in set of 2. The prices in our web shop are in SEK excl. vat.<\/p>\n<p>Current exchange rate (EURO), vat and freight cost will be calculated by check out. (Paypal)<\/p>\n<p><a href=\"https:\/\/30050.net\/en\/contact\/\">Contact us<\/a>\u00a0for more information and to get all payment details.<\/p>\n<\/div><\/section><br \/>\n<div  class='avia-button-wrap avia-button-left  avia-builder-el-13  el_after_av_textblock  el_before_av_hr ' ><a href='https:\/\/www.paypal.com\/webapps\/shoppingcart?flowlogging_id=ce110381dea86&amp;mfid=1605083478400_ce110381dea86#\/checkout\/openButton' class='avia-button  avia-color-theme-color   avia-icon_select-no avia-size-small avia-position-left ' target=\"_blank\" rel=\"noopener\"><span class='avia_iconbox_title' >Buy now<\/span><\/a><\/div><br \/>\n<div  style='height:22px' class='hr hr-invisible  av-small-hide av-mini-hide  avia-builder-el-14  el_after_av_button  el_before_av_image '><span class='hr-inner ' ><span class='hr-inner-style'><\/span><\/span><\/div><br \/>\n<div  class='avia-image-container  av-styling-no-styling    avia-builder-el-15  el_after_av_hr  el_before_av_image  avia-align-left '  itemprop=\"image\" itemscope=\"itemscope\" itemtype=\"https:\/\/schema.org\/ImageObject\"  ><div class='avia-image-container-inner'><div class='avia-image-overlay-wrap'><a href='https:\/\/www.paypal.com\/webapps\/shoppingcart?flowlogging_id=ce110381dea86&amp;mfid=1605083478400_ce110381dea86#\/checkout\/openButton' class='avia_image' target=\"_blank\" rel=\"noopener\"><img decoding=\"async\" width=\"324\" height=\"39\" class='wp-image-4793 avia-img-lazy-loading-not-4793 avia_image' src=\"https:\/\/30050.net\/wp-content\/uploads\/2020\/11\/snokattingjohnny_19.png\" alt='' title='snokattingjohnny_19'  itemprop=\"thumbnailUrl\" srcset=\"https:\/\/30050.net\/wp-content\/uploads\/2020\/11\/snokattingjohnny_19.png 324w, https:\/\/30050.net\/wp-content\/uploads\/2020\/11\/snokattingjohnny_19-300x36.png 300w\" sizes=\"(max-width: 324px) 100vw, 324px\" \/><\/a><\/div><\/div><\/div><br \/>\n<div  class='avia-image-container  av-styling-no-styling    avia-builder-el-16  el_after_av_image  el_before_av_textblock  avia-align-left '  itemprop=\"image\" itemscope=\"itemscope\" itemtype=\"https:\/\/schema.org\/ImageObject\"  ><div class='avia-image-container-inner'><div class='avia-image-overlay-wrap'><img decoding=\"async\" class='wp-image-4794 avia-img-lazy-loading-not-4794 avia_image' src=\"https:\/\/30050.net\/wp-content\/uploads\/2020\/11\/snokattingjohnny_20.jpg\" alt='' title='snokattingjohnny_20' height=\"46\" width=\"133\"  itemprop=\"thumbnailUrl\"  \/><\/div><\/div><\/div><br \/>\n<section class=\"av_textblock_section \"  itemscope=\"itemscope\" itemtype=\"https:\/\/schema.org\/CreativeWork\" ><div class='avia_textblock  av_inherit_color '  style='color:#ffffff; '  itemprop=\"text\" ><p>If you are visiting our store you can also use Paypal or Swish your payment to : <a href=\"tel:+46 730 81 78 71\">+46 730 81 78 71<\/a><\/p>\n<\/div><\/section><\/p><\/div><div class=\"flex_column av_one_fifth  av-hide-on-mobile  av-break-at-tablet flex_column_div av-zero-column-padding   avia-builder-el-18  el_after_av_three_fifth  avia-builder-el-last  \" style='border-radius:0px; '><\/div>\n","protected":false},"excerpt":{"rendered":"","protected":false},"author":2,"featured_media":4805,"parent":0,"menu_order":0,"comment_status":"closed","ping_status":"closed","template":"","meta":{"footnotes":""},"acf":[],"yoast_head":"<!-- This site is optimized with the Yoast SEO plugin v21.3 - https:\/\/yoast.com\/wordpress\/plugins\/seo\/ -->\n<title>Payment - Sn\u00f6k\u00e4tting Johnny AB<\/title>\n<meta name=\"robots\" content=\"index, follow, max-snippet:-1, max-image-preview:large, max-video-preview:-1\" \/>\n<link rel=\"canonical\" href=\"https:\/\/30050.net\/en\/payment\/\" \/>\n<meta property=\"og:locale\" content=\"en_US\" \/>\n<meta property=\"og:type\" content=\"article\" \/>\n<meta property=\"og:title\" content=\"Payment - Sn\u00f6k\u00e4tting Johnny AB\" \/>\n<meta property=\"og:url\" content=\"https:\/\/30050.net\/en\/payment\/\" \/>\n<meta property=\"og:site_name\" content=\"Sn\u00f6k\u00e4tting Johnny AB\" \/>\n<meta property=\"article:modified_time\" content=\"2024-01-31T10:34:06+00:00\" \/>\n<meta property=\"og:image\" content=\"https:\/\/30050.net\/wp-content\/uploads\/2020\/11\/snokattingjohnny-banner-01-1.jpg\" \/>\n\t<meta property=\"og:image:width\" content=\"2200\" \/>\n\t<meta property=\"og:image:height\" content=\"1375\" \/>\n\t<meta property=\"og:image:type\" content=\"image\/jpeg\" \/>\n<meta name=\"twitter:card\" content=\"summary_large_image\" \/>\n<meta name=\"twitter:label1\" content=\"Est. reading time\" \/>\n\t<meta name=\"twitter:data1\" content=\"5 minutes\" \/>\n<script type=\"application\/ld+json\" class=\"yoast-schema-graph\">{\"@context\":\"https:\/\/schema.org\",\"@graph\":[{\"@type\":\"WebPage\",\"@id\":\"https:\/\/30050.net\/en\/payment\/\",\"url\":\"https:\/\/30050.net\/en\/payment\/\",\"name\":\"Payment - Sn\u00f6k\u00e4tting Johnny AB\",\"isPartOf\":{\"@id\":\"https:\/\/30050.net\/#website\"},\"datePublished\":\"2020-11-06T09:22:16+00:00\",\"dateModified\":\"2024-01-31T10:34:06+00:00\",\"breadcrumb\":{\"@id\":\"https:\/\/30050.net\/en\/payment\/#breadcrumb\"},\"inLanguage\":\"en-US\",\"potentialAction\":[{\"@type\":\"ReadAction\",\"target\":[\"https:\/\/30050.net\/en\/payment\/\"]}]},{\"@type\":\"BreadcrumbList\",\"@id\":\"https:\/\/30050.net\/en\/payment\/#breadcrumb\",\"itemListElement\":[{\"@type\":\"ListItem\",\"position\":1,\"name\":\"Hem\",\"item\":\"https:\/\/30050.net\/en\/home\/\"},{\"@type\":\"ListItem\",\"position\":2,\"name\":\"Payment\"}]},{\"@type\":\"WebSite\",\"@id\":\"https:\/\/30050.net\/#website\",\"url\":\"https:\/\/30050.net\/\",\"name\":\"Kville Transport AB\",\"description\":\"Sn\u00f6kedjor och slirskydd till lastbilar, skogsmaskiner\",\"publisher\":{\"@id\":\"https:\/\/30050.net\/#organization\"},\"potentialAction\":[{\"@type\":\"SearchAction\",\"target\":{\"@type\":\"EntryPoint\",\"urlTemplate\":\"https:\/\/30050.net\/?s={search_term_string}\"},\"query-input\":\"required name=search_term_string\"}],\"inLanguage\":\"en-US\"},{\"@type\":\"Organization\",\"@id\":\"https:\/\/30050.net\/#organization\",\"name\":\"Kville Transport AB\",\"url\":\"https:\/\/30050.net\/\",\"logo\":{\"@type\":\"ImageObject\",\"inLanguage\":\"en-US\",\"@id\":\"https:\/\/30050.net\/#\/schema\/logo\/image\/\",\"url\":\"https:\/\/30050.net\/wp-content\/uploads\/2020\/11\/snokattingjohnny_logo.png\",\"contentUrl\":\"https:\/\/30050.net\/wp-content\/uploads\/2020\/11\/snokattingjohnny_logo.png\",\"width\":211,\"height\":99,\"caption\":\"Kville Transport AB\"},\"image\":{\"@id\":\"https:\/\/30050.net\/#\/schema\/logo\/image\/\"}}]}<\/script>\n<!-- \/ Yoast SEO plugin. -->","yoast_head_json":{"title":"Payment - Sn\u00f6k\u00e4tting Johnny AB","robots":{"index":"index","follow":"follow","max-snippet":"max-snippet:-1","max-image-preview":"max-image-preview:large","max-video-preview":"max-video-preview:-1"},"canonical":"https:\/\/30050.net\/en\/payment\/","og_locale":"en_US","og_type":"article","og_title":"Payment - Sn\u00f6k\u00e4tting Johnny AB","og_url":"https:\/\/30050.net\/en\/payment\/","og_site_name":"Sn\u00f6k\u00e4tting Johnny AB","article_modified_time":"2024-01-31T10:34:06+00:00","og_image":[{"width":2200,"height":1375,"url":"https:\/\/30050.net\/wp-content\/uploads\/2020\/11\/snokattingjohnny-banner-01-1.jpg","type":"image\/jpeg"}],"twitter_card":"summary_large_image","twitter_misc":{"Est. reading time":"5 minutes"},"schema":{"@context":"https:\/\/schema.org","@graph":[{"@type":"WebPage","@id":"https:\/\/30050.net\/en\/payment\/","url":"https:\/\/30050.net\/en\/payment\/","name":"Payment - Sn\u00f6k\u00e4tting Johnny AB","isPartOf":{"@id":"https:\/\/30050.net\/#website"},"datePublished":"2020-11-06T09:22:16+00:00","dateModified":"2024-01-31T10:34:06+00:00","breadcrumb":{"@id":"https:\/\/30050.net\/en\/payment\/#breadcrumb"},"inLanguage":"en-US","potentialAction":[{"@type":"ReadAction","target":["https:\/\/30050.net\/en\/payment\/"]}]},{"@type":"BreadcrumbList","@id":"https:\/\/30050.net\/en\/payment\/#breadcrumb","itemListElement":[{"@type":"ListItem","position":1,"name":"Hem","item":"https:\/\/30050.net\/en\/home\/"},{"@type":"ListItem","position":2,"name":"Payment"}]},{"@type":"WebSite","@id":"https:\/\/30050.net\/#website","url":"https:\/\/30050.net\/","name":"Kville Transport AB","description":"Sn\u00f6kedjor och slirskydd till lastbilar, skogsmaskiner","publisher":{"@id":"https:\/\/30050.net\/#organization"},"potentialAction":[{"@type":"SearchAction","target":{"@type":"EntryPoint","urlTemplate":"https:\/\/30050.net\/?s={search_term_string}"},"query-input":"required name=search_term_string"}],"inLanguage":"en-US"},{"@type":"Organization","@id":"https:\/\/30050.net\/#organization","name":"Kville Transport AB","url":"https:\/\/30050.net\/","logo":{"@type":"ImageObject","inLanguage":"en-US","@id":"https:\/\/30050.net\/#\/schema\/logo\/image\/","url":"https:\/\/30050.net\/wp-content\/uploads\/2020\/11\/snokattingjohnny_logo.png","contentUrl":"https:\/\/30050.net\/wp-content\/uploads\/2020\/11\/snokattingjohnny_logo.png","width":211,"height":99,"caption":"Kville Transport AB"},"image":{"@id":"https:\/\/30050.net\/#\/schema\/logo\/image\/"}}]}},"_links":{"self":[{"href":"https:\/\/30050.net\/en\/wp-json\/wp\/v2\/pages\/6831"}],"collection":[{"href":"https:\/\/30050.net\/en\/wp-json\/wp\/v2\/pages"}],"about":[{"href":"https:\/\/30050.net\/en\/wp-json\/wp\/v2\/types\/page"}],"author":[{"embeddable":true,"href":"https:\/\/30050.net\/en\/wp-json\/wp\/v2\/users\/2"}],"replies":[{"embeddable":true,"href":"https:\/\/30050.net\/en\/wp-json\/wp\/v2\/comments?post=6831"}],"version-history":[{"count":5,"href":"https:\/\/30050.net\/en\/wp-json\/wp\/v2\/pages\/6831\/revisions"}],"predecessor-version":[{"id":16259,"href":"https:\/\/30050.net\/en\/wp-json\/wp\/v2\/pages\/6831\/revisions\/16259"}],"wp:featuredmedia":[{"embeddable":true,"href":"https:\/\/30050.net\/en\/wp-json\/wp\/v2\/media\/4805"}],"wp:attachment":[{"href":"https:\/\/30050.net\/en\/wp-json\/wp\/v2\/media?parent=6831"}],"curies":[{"name":"wp","href":"https:\/\/api.w.org\/{rel}","templated":true}]}}